{"id":98,"date":"2025-02-19T07:28:26","date_gmt":"2025-02-19T07:28:26","guid":{"rendered":"https:\/\/schulte-schmelter-stiftung.org\/?page_id=98"},"modified":"2025-05-27T11:16:31","modified_gmt":"2025-05-27T11:16:31","slug":"leistungen","status":"publish","type":"page","link":"https:\/\/schulte-schmelter-stiftung.org\/index.php\/leistungen\/","title":{"rendered":"Wohngruppe Frechen"},"content":{"rendered":"\t\t<div data-elementor-type=\"wp-page\" data-elementor-id=\"98\" class=\"elementor elementor-98\" data-elementor-post-type=\"page\">\n\t\t\t\t<div class=\"elementor-element elementor-element-56c86b7 e-con-full e-flex e-con e-parent\" data-id=\"56c86b7\" data-element_type=\"container\" data-settings=\"{&quot;background_background&quot;:&quot;classic&quot;}\">\n\t\t<div class=\"elementor-element elementor-element-b39ab6b e-con-full e-flex e-con e-child\" data-id=\"b39ab6b\" data-element_type=\"container\">\n\t\t\t\t<div class=\"elementor-element elementor-element-d7f6344 elementor-widget elementor-widget-text-editor\" data-id=\"d7f6344\" data-element_type=\"widget\" data-widget_type=\"text-editor.default\">\n\t\t\t\t<div class=\"elementor-widget-container\">\n\t\t\t\t\t\t\t\t\t<p><strong>\u00dcbersicht:<\/strong><\/p><p>Die Wohngruppe Frechen ist ein Angebot der station\u00e4ren Kinder- und Jugendhilfe. Das p\u00e4dagogische, im Wechselschichtdient als Regelangebot ausgerichtete Leistungsangebot nach \u00a7 34 SGB VIII richtet sich an junge Menschen, die aufgrund verschiedener Notsituationen und Schwierigkeiten nicht in ihren Herkunftsfamilien aufwachsen k\u00f6nnen und deren Aufnahme in einer Pflegefamilie durch ihre krisenhaften Lebenssituationen nicht denkbar war.<\/p><p>Das, entsprechend dem Betreuungsschl\u00fcssel und dem Fachkr\u00e4ftegebot gebildete p\u00e4dagogische Team gestaltet die Beziehung zu den betreuten jungen Menschen bindungsfreundlich, haltgebend und verl\u00e4sslich. Klar geregelte Dienstzeiten, Zust\u00e4ndigkeiten und Vertretungsregelungen f\u00f6rdern das Sicherheitsgef\u00fchl der jungen Menschen. Die organisatorischen Abl\u00e4ufe und p\u00e4dagogischen Prozesse werden durch die Gruppenleitung koordiniert und gelenkt.<\/p><p>Angebot nach \u00a734 SGB VIII, Betreuungsschl\u00fcssel 1 : 1,4<\/p>\t\t\t\t\t\t\t\t<\/div>\n\t\t\t\t<\/div>\n\t\t\t\t<\/div>\n\t\t<div class=\"elementor-element elementor-element-10789c4 e-con-full e-flex e-con e-child\" data-id=\"10789c4\" data-element_type=\"container\">\n\t\t<div class=\"elementor-element elementor-element-7b5bd64 e-con-full e-flex e-con e-child\" data-id=\"7b5bd64\" data-element_type=\"container\">\n\t\t\t\t<div class=\"elementor-element elementor-element-8b58d7c elementor-widget elementor-widget-heading\" data-id=\"8b58d7c\" data-element_type=\"widget\" data-widget_type=\"heading.default\">\n\t\t\t\t<div class=\"elementor-widget-container\">\n\t\t\t\t\t<h3 class=\"elementor-heading-title elementor-size-default\">Wohngruppe Frechen<\/h3>\t\t\t\t<\/div>\n\t\t\t\t<\/div>\n\t\t\t\t<div class=\"elementor-element elementor-element-f436615 elementor-widget elementor-widget-image\" data-id=\"f436615\" data-element_type=\"widget\" data-widget_type=\"image.default\">\n\t\t\t\t<div class=\"elementor-widget-container\">\n\t\t\t\t\t\t\t\t\t\t\t\t\t\t\t<img fetchpriority=\"high\" decoding=\"async\" width=\"300\" height=\"300\" src=\"https:\/\/schulte-schmelter-stiftung.org\/wp-content\/uploads\/2025\/05\/ChatGPT-Image-27.-Mai-2025-12_50_39-300x300.png\" class=\"attachment-medium size-medium wp-image-859\" alt=\"\" srcset=\"https:\/\/schulte-schmelter-stiftung.org\/wp-content\/uploads\/2025\/05\/ChatGPT-Image-27.-Mai-2025-12_50_39-300x300.png 300w, https:\/\/schulte-schmelter-stiftung.org\/wp-content\/uploads\/2025\/05\/ChatGPT-Image-27.-Mai-2025-12_50_39-150x150.png 150w, https:\/\/schulte-schmelter-stiftung.org\/wp-content\/uploads\/2025\/05\/ChatGPT-Image-27.-Mai-2025-12_50_39-768x768.png 768w, https:\/\/schulte-schmelter-stiftung.org\/wp-content\/uploads\/2025\/05\/ChatGPT-Image-27.-Mai-2025-12_50_39-e1748458411913.png 400w\" sizes=\"(max-width: 300px) 100vw, 300px\" \/>\t\t\t\t\t\t\t\t\t\t\t\t\t\t\t<\/div>\n\t\t\t\t<\/div>\n\t\t\t\t<div class=\"elementor-element elementor-element-8f51100 elementor-widget elementor-widget-text-editor\" data-id=\"8f51100\" data-element_type=\"widget\" data-widget_type=\"text-editor.default\">\n\t\t\t\t<div class=\"elementor-widget-container\">\n\t\t\t\t\t\t\t\t\t<p>station\u00e4re, koedukative Wohngruppe f\u00fcr 7 junge Menschen ab 6 Jahren in st\u00e4dtischer Umgebung mit grossem Garten und familli\u00e4rer Atmosph\u00e4re<\/p>\t\t\t\t\t\t\t\t<\/div>\n\t\t\t\t<\/div>\n\t\t\t\t<\/div>\n\t\t\t\t<\/div>\n\t\t<div class=\"elementor-element elementor-element-9ca4dc2 e-grid e-con-full e-con e-child\" data-id=\"9ca4dc2\" data-element_type=\"container\">\n\t\t\t\t<div class=\"elementor-element elementor-element-d08c342 elementor-widget elementor-widget-text-editor\" data-id=\"d08c342\" data-element_type=\"widget\" data-widget_type=\"text-editor.default\">\n\t\t\t\t<div class=\"elementor-widget-container\">\n\t\t\t\t\t\t\t\t\t<p><strong>Ansprechpartner\/Konzept:<\/strong><\/p><p>Fragen zum Angebot beantwortet Ihnen gerne:<\/p><p>Lisa Maurer (p\u00e4d. Leitung) <br \/>Tel.: 02235-9946258,<br \/>Mail: lmaurer@schulte-schmelter-stiftung.de<\/p><p><strong>Auf Anfrage senden wir Ihnen gerne unsere ausf\u00fchrliche Leistungsbeschreibung.<\/strong><\/p>\t\t\t\t\t\t\t\t<\/div>\n\t\t\t\t<\/div>\n\t\t\t\t<div class=\"elementor-element elementor-element-fecda95 elementor-widget elementor-widget-text-editor\" data-id=\"fecda95\" data-element_type=\"widget\" data-widget_type=\"text-editor.default\">\n\t\t\t\t<div class=\"elementor-widget-container\">\n\t\t\t\t\t\t\t\t\t<p><strong>Lebensort:<\/strong><\/p><p>Bewohnt wird ein gro\u00dfes Wohngeb\u00e4ude, welches 1996 qualitativ hochwertig in loft\u00e4hnlichem Ambiente umgebaut wurde, unmittelbar im Zentrum von Frechen und dennoch ruhig gelegen. S\u00e4mtliche f\u00fcr die Betreuung der jungen Menschen\u00a0 ben\u00f6tigte Infrastruktur, z.B. Schulen, \u00c4rzte, Vereine, Therapeuten und Einkaufsm\u00f6glichkeiten sind fu\u00dfl\u00e4ufig erreichbar.<\/p>\t\t\t\t\t\t\t\t<\/div>\n\t\t\t\t<\/div>\n\t\t\t\t<\/div>\n\t\t<div class=\"elementor-element elementor-element-eb1c933 e-con-full e-flex e-con e-child\" data-id=\"eb1c933\" data-element_type=\"container\">\n\t\t\t\t<div class=\"elementor-element elementor-element-a31a533 elementor-widget elementor-widget-image\" data-id=\"a31a533\" data-element_type=\"widget\" data-widget_type=\"image.default\">\n\t\t\t\t<div class=\"elementor-widget-container\">\n\t\t\t\t\t\t\t\t\t\t\t\t\t\t\t<img decoding=\"async\" width=\"768\" height=\"512\" src=\"https:\/\/schulte-schmelter-stiftung.org\/wp-content\/uploads\/2025\/04\/Frechen-25-768x512.jpg\" class=\"attachment-medium_large size-medium_large wp-image-803\" alt=\"\" srcset=\"https:\/\/schulte-schmelter-stiftung.org\/wp-content\/uploads\/2025\/04\/Frechen-25-768x512.jpg 768w, https:\/\/schulte-schmelter-stiftung.org\/wp-content\/uploads\/2025\/04\/Frechen-25-300x200.jpg 300w, https:\/\/schulte-schmelter-stiftung.org\/wp-content\/uploads\/2025\/04\/Frechen-25-1024x683.jpg 1024w, https:\/\/schulte-schmelter-stiftung.org\/wp-content\/uploads\/2025\/04\/Frechen-25-1536x1024.jpg 1536w, https:\/\/schulte-schmelter-stiftung.org\/wp-content\/uploads\/2025\/04\/Frechen-25-2048x1365.jpg 2048w\" sizes=\"(max-width: 768px) 100vw, 768px\" \/>\t\t\t\t\t\t\t\t\t\t\t\t\t\t\t<\/div>\n\t\t\t\t<\/div>\n\t\t\t\t<\/div>\n\t\t\t\t<\/div>\n\t\t\t\t<\/div>\n\t\t<div class=\"gsp_post_data\" data-post_type=\"page\" data-cat=\"\" data-modified=\"120\" data-title=\"Wohngruppe Frechen\" data-home=\"https:\/\/schulte-schmelter-stiftung.org\"><\/div>","protected":false},"excerpt":{"rendered":"<p>\u00dcbersicht: Die Wohngruppe Frechen ist ein Angebot der station\u00e4ren Kinder- und Jugendhilfe. Das p\u00e4dagogische, im Wechselschichtdient als Regelangebot ausgerichtete Leistungsangebot [&hellip;]<\/p>\n","protected":false},"author":1,"featured_media":0,"parent":0,"menu_order":0,"comment_status":"closed","ping_status":"closed","template":"","meta":{"site-sidebar-layout":"no-sidebar","site-content-layout":"","ast-site-content-layout":"full-width-container","site-content-style":"default","site-sidebar-style":"default","ast-global-header-display":"","ast-banner-title-visibility":"","ast-main-header-display":"","ast-hfb-above-header-display":"","ast-hfb-below-header-display":"","ast-hfb-mobile-header-display":"","site-post-title":"disabled","ast-breadcrumbs-content":"","ast-featured-img":"disabled","footer-sml-layout":"","ast-disable-related-posts":"","theme-transparent-header-meta":"","adv-header-id-meta":"","stick-header-meta":"","header-above-stick-meta":"","header-main-stick-meta":"","header-below-stick-meta":"","astra-migrate-meta-layouts":"default","ast-page-background-enabled":"default","ast-page-background-meta":{"desktop":{"background-color":"var(--ast-global-color-5)","background-image":"","background-repeat":"repeat","background-position":"center center","background-size":"auto","background-attachment":"scroll","background-type":"","background-media":"","overlay-type":"","overlay-color":"","overlay-opacity":"","overlay-gradient":""},"tablet":{"background-color":"","background-image":"","background-repeat":"repeat","background-position":"center center","background-size":"auto","background-attachment":"scroll","background-type":"","background-media":"","overlay-type":"","overlay-color":"","overlay-opacity":"","overlay-gradient":""},"mobile":{"background-color":"","background-image":"","background-repeat":"repeat","background-position":"center center","background-size":"auto","background-attachment":"scroll","background-type":"","background-media":"","overlay-type":"","overlay-color":"","overlay-opacity":"","overlay-gradient":""}},"ast-content-background-meta":{"desktop":{"background-color":"var(--ast-global-color-4)","background-image":"","background-repeat":"repeat","background-position":"center center","background-size":"auto","background-attachment":"scroll","background-type":"","background-media":"","overlay-type":"","overlay-color":"","overlay-opacity":"","overlay-gradient":""},"tablet":{"background-color":"var(--ast-global-color-4)","background-image":"","background-repeat":"repeat","background-position":"center center","background-size":"auto","background-attachment":"scroll","background-type":"","background-media":"","overlay-type":"","overlay-color":"","overlay-opacity":"","overlay-gradient":""},"mobile":{"background-color":"var(--ast-global-color-4)","background-image":"","background-repeat":"repeat","background-position":"center center","background-size":"auto","background-attachment":"scroll","background-type":"","background-media":"","overlay-type":"","overlay-color":"","overlay-opacity":"","overlay-gradient":""}},"footnotes":""},"class_list":["post-98","page","type-page","status-publish","hentry"],"jetpack_sharing_enabled":true,"_links":{"self":[{"href":"https:\/\/schulte-schmelter-stiftung.org\/index.php\/wp-json\/wp\/v2\/pages\/98","targetHints":{"allow":["GET"]}}],"collection":[{"href":"https:\/\/schulte-schmelter-stiftung.org\/index.php\/wp-json\/wp\/v2\/pages"}],"about":[{"href":"https:\/\/schulte-schmelter-stiftung.org\/index.php\/wp-json\/wp\/v2\/types\/page"}],"author":[{"embeddable":true,"href":"https:\/\/schulte-schmelter-stiftung.org\/index.php\/wp-json\/wp\/v2\/users\/1"}],"replies":[{"embeddable":true,"href":"https:\/\/schulte-schmelter-stiftung.org\/index.php\/wp-json\/wp\/v2\/comments?post=98"}],"version-history":[{"count":89,"href":"https:\/\/schulte-schmelter-stiftung.org\/index.php\/wp-json\/wp\/v2\/pages\/98\/revisions"}],"predecessor-version":[{"id":877,"href":"https:\/\/schulte-schmelter-stiftung.org\/index.php\/wp-json\/wp\/v2\/pages\/98\/revisions\/877"}],"wp:attachment":[{"href":"https:\/\/schulte-schmelter-stiftung.org\/index.php\/wp-json\/wp\/v2\/media?parent=98"}],"curies":[{"name":"wp","href":"https:\/\/api.w.org\/{rel}","templated":true}]}}