{"id":323,"date":"2025-03-24T10:30:18","date_gmt":"2025-03-24T10:30:18","guid":{"rendered":"https:\/\/schulte-schmelter-stiftung.org\/?page_id=323"},"modified":"2025-06-27T12:46:19","modified_gmt":"2025-06-27T12:46:19","slug":"kontakt-ansprechpartner","status":"publish","type":"page","link":"https:\/\/schulte-schmelter-stiftung.org\/index.php\/kontakt-ansprechpartner\/","title":{"rendered":"Kontakt \/ Ansprechpartner"},"content":{"rendered":"\t\t<div data-elementor-type=\"wp-page\" data-elementor-id=\"323\" class=\"elementor elementor-323\" data-elementor-post-type=\"page\">\n\t\t\t\t<div class=\"elementor-element elementor-element-8e2244c e-flex e-con-boxed e-con e-parent\" data-id=\"8e2244c\" data-element_type=\"container\">\n\t\t\t\t\t<div class=\"e-con-inner\">\n\t\t\t\t<div class=\"elementor-element elementor-element-27a56e9 elementor-widget elementor-widget-heading\" data-id=\"27a56e9\" data-element_type=\"widget\" data-widget_type=\"heading.default\">\n\t\t\t\t<div class=\"elementor-widget-container\">\n\t\t\t\t\t<h2 class=\"elementor-heading-title elementor-size-default\">Kontakt \/ Ansprechpartner<\/h2>\t\t\t\t<\/div>\n\t\t\t\t<\/div>\n\t\t\t\t\t<\/div>\n\t\t\t\t<\/div>\n\t\t<div class=\"elementor-element elementor-element-16a0a29 e-grid e-con-full e-con e-parent\" data-id=\"16a0a29\" data-element_type=\"container\">\n\t\t\t\t<div class=\"elementor-element elementor-element-3e12b81 elementor-widget elementor-widget-image\" data-id=\"3e12b81\" data-element_type=\"widget\" data-widget_type=\"image.default\">\n\t\t\t\t<div class=\"elementor-widget-container\">\n\t\t\t\t\t\t\t\t\t\t\t\t<figure class=\"wp-caption\">\n\t\t\t\t\t\t\t\t\t\t<img decoding=\"async\" src=\"https:\/\/schulte-schmelter-stiftung.org\/wp-content\/uploads\/elementor\/thumbs\/Olaf-scaled-e1749719730579-r76yl8sqfooe1auykweq3pw2m6cikt42dzlrhp21a8.jpg\" title=\"Olaf\" alt=\"Olaf\" loading=\"lazy\" \/>\t\t\t\t\t\t\t\t\t\t\t<figcaption class=\"widget-image-caption wp-caption-text\">Olaf Maurer<\/figcaption>\n\t\t\t\t\t\t\t\t\t\t<\/figure>\n\t\t\t\t\t\t\t\t\t<\/div>\n\t\t\t\t<\/div>\n\t\t\t\t<div class=\"elementor-element elementor-element-115fcfb elementor-widget elementor-widget-image\" data-id=\"115fcfb\" data-element_type=\"widget\" data-widget_type=\"image.default\">\n\t\t\t\t<div class=\"elementor-widget-container\">\n\t\t\t\t\t\t\t\t\t\t\t\t<figure class=\"wp-caption\">\n\t\t\t\t\t\t\t\t\t\t<img decoding=\"async\" src=\"https:\/\/schulte-schmelter-stiftung.org\/wp-content\/uploads\/elementor\/thumbs\/Portrait-Lisa-scaled-e1749719813151-r76ynetc6xn6sxpmxc4rco7bx5nzbopscpr2bnucxs.jpg\" title=\"Portrait Lisa\" alt=\"Portrait Lisa\" loading=\"lazy\" \/>\t\t\t\t\t\t\t\t\t\t\t<figcaption class=\"widget-image-caption wp-caption-text\">Lisa Maurer<\/figcaption>\n\t\t\t\t\t\t\t\t\t\t<\/figure>\n\t\t\t\t\t\t\t\t\t<\/div>\n\t\t\t\t<\/div>\n\t\t\t\t<div class=\"elementor-element elementor-element-2fd23cb elementor-view-default elementor-widget elementor-widget-icon\" data-id=\"2fd23cb\" data-element_type=\"widget\" data-widget_type=\"icon.default\">\n\t\t\t\t<div class=\"elementor-widget-container\">\n\t\t\t\t\t\t\t<div class=\"elementor-icon-wrapper\">\n\t\t\t<div class=\"elementor-icon\">\n\t\t\t<svg aria-hidden=\"true\" class=\"e-font-icon-svg e-fas-user\" viewBox=\"0 0 448 512\" xmlns=\"http:\/\/www.w3.org\/2000\/svg\"><path d=\"M224 256c70.7 0 128-57.3 128-128S294.7 0 224 0 96 57.3 96 128s57.3 128 128 128zm89.6 32h-16.7c-22.2 10.2-46.9 16-72.9 16s-50.6-5.8-72.9-16h-16.7C60.2 288 0 348.2 0 422.4V464c0 26.5 21.5 48 48 48h352c26.5 0 48-21.5 48-48v-41.6c0-74.2-60.2-134.4-134.4-134.4z\"><\/path><\/svg>\t\t\t<\/div>\n\t\t<\/div>\n\t\t\t\t\t\t<\/div>\n\t\t\t\t<\/div>\n\t\t\t\t<div class=\"elementor-element elementor-element-82b5c40 elementor-widget elementor-widget-text-editor\" data-id=\"82b5c40\" data-element_type=\"widget\" data-widget_type=\"text-editor.default\">\n\t\t\t\t<div class=\"elementor-widget-container\">\n\t\t\t\t\t\t\t\t\t<p><strong>Gesch\u00e4ftsf\u00fchrung<\/strong><\/p><p>Olaf Maurer<br \/>02235-9946257<\/p><p><a href=\"mailto:omaurer@schulte-schmelter-stiftung.de\">omaurer@schulte-schmelter-stiftung.de<\/a><\/p>\t\t\t\t\t\t\t\t<\/div>\n\t\t\t\t<\/div>\n\t\t\t\t<div class=\"elementor-element elementor-element-1b2c643 elementor-widget elementor-widget-text-editor\" data-id=\"1b2c643\" data-element_type=\"widget\" data-widget_type=\"text-editor.default\">\n\t\t\t\t<div class=\"elementor-widget-container\">\n\t\t\t\t\t\t\t\t\t<p><strong>P\u00e4dagogische Leitung<\/strong><\/p><p>Lisa Maurer<br \/>02235-9946258<\/p><p><a href=\"mailto:lmaurer@schulte-schmelter-stiftung.de\">lmaurer@schulte-schmelter-stiftung.de<\/a><\/p>\t\t\t\t\t\t\t\t<\/div>\n\t\t\t\t<\/div>\n\t\t\t\t<div class=\"elementor-element elementor-element-8bcdf96 elementor-widget elementor-widget-text-editor\" data-id=\"8bcdf96\" data-element_type=\"widget\" data-widget_type=\"text-editor.default\">\n\t\t\t\t<div class=\"elementor-widget-container\">\n\t\t\t\t\t\t\t\t\t<p><strong>Ressortleitung Qualit\u00e4ts- &amp; Personalentwicklung<br \/><\/strong>Melanie Hartung<br \/>01575-5704799<\/p><p><a href=\"mailto:hartung@schulte-schmelter-stiftung.de\">hartung@schulte-schmelter-stiftung.de<\/a><\/p>\t\t\t\t\t\t\t\t<\/div>\n\t\t\t\t<\/div>\n\t\t\t\t<\/div>\n\t\t\t\t<\/div>\n\t\t<div class=\"gsp_post_data\" data-post_type=\"page\" data-cat=\"\" data-modified=\"120\" data-title=\"Kontakt \/ Ansprechpartner\" data-home=\"https:\/\/schulte-schmelter-stiftung.org\"><\/div>","protected":false},"excerpt":{"rendered":"<p>Kontakt \/ Ansprechpartner Olaf Maurer Lisa Maurer Gesch\u00e4ftsf\u00fchrung Olaf Maurer02235-9946257 omaurer@schulte-schmelter-stiftung.de P\u00e4dagogische Leitung Lisa Maurer02235-9946258 lmaurer@schulte-schmelter-stiftung.de Ressortleitung Qualit\u00e4ts- &amp; PersonalentwicklungMelanie [&hellip;]<\/p>\n","protected":false},"author":1,"featured_media":0,"parent":0,"menu_order":0,"comment_status":"closed","ping_status":"closed","template":"","meta":{"site-sidebar-layout":"no-sidebar","site-content-layout":"","ast-site-content-layout":"full-width-container","site-content-style":"default","site-sidebar-style":"default","ast-global-header-display":"","ast-banner-title-visibility":"","ast-main-header-display":"","ast-hfb-above-header-display":"","ast-hfb-below-header-display":"","ast-hfb-mobile-header-display":"","site-post-title":"disabled","ast-breadcrumbs-content":"","ast-featured-img":"disabled","footer-sml-layout":"","ast-disable-related-posts":"","theme-transparent-header-meta":"","adv-header-id-meta":"","stick-header-meta":"","header-above-stick-meta":"","header-main-stick-meta":"","header-below-stick-meta":"","astra-migrate-meta-layouts":"default","ast-page-background-enabled":"default","ast-page-background-meta":{"desktop":{"background-color":"var(--ast-global-color-5)","background-image":"","background-repeat":"repeat","background-position":"center center","background-size":"auto","background-attachment":"scroll","background-type":"","background-media":"","overlay-type":"","overlay-color":"","overlay-opacity":"","overlay-gradient":""},"tablet":{"background-color":"","background-image":"","background-repeat":"repeat","background-position":"center center","background-size":"auto","background-attachment":"scroll","background-type":"","background-media":"","overlay-type":"","overlay-color":"","overlay-opacity":"","overlay-gradient":""},"mobile":{"background-color":"","background-image":"","background-repeat":"repeat","background-position":"center center","background-size":"auto","background-attachment":"scroll","background-type":"","background-media":"","overlay-type":"","overlay-color":"","overlay-opacity":"","overlay-gradient":""}},"ast-content-background-meta":{"desktop":{"background-color":"var(--ast-global-color-4)","background-image":"","background-repeat":"repeat","background-position":"center center","background-size":"auto","background-attachment":"scroll","background-type":"","background-media":"","overlay-type":"","overlay-color":"","overlay-opacity":"","overlay-gradient":""},"tablet":{"background-color":"var(--ast-global-color-4)","background-image":"","background-repeat":"repeat","background-position":"center center","background-size":"auto","background-attachment":"scroll","background-type":"","background-media":"","overlay-type":"","overlay-color":"","overlay-opacity":"","overlay-gradient":""},"mobile":{"background-color":"var(--ast-global-color-4)","background-image":"","background-repeat":"repeat","background-position":"center center","background-size":"auto","background-attachment":"scroll","background-type":"","background-media":"","overlay-type":"","overlay-color":"","overlay-opacity":"","overlay-gradient":""}},"footnotes":""},"class_list":["post-323","page","type-page","status-publish","hentry"],"jetpack_sharing_enabled":true,"_links":{"self":[{"href":"https:\/\/schulte-schmelter-stiftung.org\/index.php\/wp-json\/wp\/v2\/pages\/323","targetHints":{"allow":["GET"]}}],"collection":[{"href":"https:\/\/schulte-schmelter-stiftung.org\/index.php\/wp-json\/wp\/v2\/pages"}],"about":[{"href":"https:\/\/schulte-schmelter-stiftung.org\/index.php\/wp-json\/wp\/v2\/types\/page"}],"author":[{"embeddable":true,"href":"https:\/\/schulte-schmelter-stiftung.org\/index.php\/wp-json\/wp\/v2\/users\/1"}],"replies":[{"embeddable":true,"href":"https:\/\/schulte-schmelter-stiftung.org\/index.php\/wp-json\/wp\/v2\/comments?post=323"}],"version-history":[{"count":52,"href":"https:\/\/schulte-schmelter-stiftung.org\/index.php\/wp-json\/wp\/v2\/pages\/323\/revisions"}],"predecessor-version":[{"id":1106,"href":"https:\/\/schulte-schmelter-stiftung.org\/index.php\/wp-json\/wp\/v2\/pages\/323\/revisions\/1106"}],"wp:attachment":[{"href":"https:\/\/schulte-schmelter-stiftung.org\/index.php\/wp-json\/wp\/v2\/media?parent=323"}],"curies":[{"name":"wp","href":"https:\/\/api.w.org\/{rel}","templated":true}]}}