{"id":104,"date":"2025-02-19T07:30:06","date_gmt":"2025-02-19T07:30:06","guid":{"rendered":"https:\/\/schulte-schmelter-stiftung.org\/?page_id=104"},"modified":"2026-01-23T11:41:22","modified_gmt":"2026-01-23T11:41:22","slug":"stellenangebote-praktikum","status":"publish","type":"page","link":"https:\/\/schulte-schmelter-stiftung.org\/index.php\/stellenangebote-praktikum\/","title":{"rendered":"Stellenangebote\/Praktikum"},"content":{"rendered":"\t\t<div data-elementor-type=\"wp-page\" data-elementor-id=\"104\" class=\"elementor elementor-104\" data-elementor-post-type=\"page\">\n\t\t\t\t<div class=\"elementor-element elementor-element-a613df4 e-flex e-con-boxed e-con e-parent\" data-id=\"a613df4\" data-element_type=\"container\">\n\t\t\t\t\t<div class=\"e-con-inner\">\n\t\t\t\t<div class=\"elementor-element elementor-element-b11a3e6 elementor-widget elementor-widget-heading\" data-id=\"b11a3e6\" data-element_type=\"widget\" data-widget_type=\"heading.default\">\n\t\t\t\t<div class=\"elementor-widget-container\">\n\t\t\t\t\t<h2 class=\"elementor-heading-title elementor-size-default\">Stellenangebote \/ Praktika<\/h2>\t\t\t\t<\/div>\n\t\t\t\t<\/div>\n\t\t\t\t<div class=\"elementor-element elementor-element-77c4fb4 elementor-invisible elementor-widget elementor-widget-text-editor\" data-id=\"77c4fb4\" data-element_type=\"widget\" data-settings=\"{&quot;_animation&quot;:&quot;fadeIn&quot;}\" data-widget_type=\"text-editor.default\">\n\t\t\t\t<div class=\"elementor-widget-container\">\n\t\t\t\t\t\t\t\t\t<p><img fetchpriority=\"high\" decoding=\"async\" class=\"wp-image-117 size-medium alignleft\" src=\"https:\/\/schulte-schmelter-stiftung.org\/wp-content\/uploads\/2025\/02\/004-300x225.jpg\" alt=\"\" width=\"300\" height=\"225\" srcset=\"https:\/\/schulte-schmelter-stiftung.org\/wp-content\/uploads\/2025\/02\/004-300x225.jpg 300w, https:\/\/schulte-schmelter-stiftung.org\/wp-content\/uploads\/2025\/02\/004-1024x768.jpg 1024w, https:\/\/schulte-schmelter-stiftung.org\/wp-content\/uploads\/2025\/02\/004-768x576.jpg 768w, https:\/\/schulte-schmelter-stiftung.org\/wp-content\/uploads\/2025\/02\/004-1536x1152.jpg 1536w, https:\/\/schulte-schmelter-stiftung.org\/wp-content\/uploads\/2025\/02\/004-2048x1536.jpg 2048w\" sizes=\"(max-width: 300px) 100vw, 300px\" \/><\/p><p><strong>Lust auf neue Wege?!<\/strong><\/p><p>F\u00fcr unsere <strong>familienanalogen Wohngruppen<\/strong> in <strong>R\u00f6srath und Katzvey <\/strong>(station\u00e4re Jugendhilfe gem. \u00a7 34 SGB VIII) suchen wir f\u00fcr sofort oder nach Vereinbarung Mitarbeitende mit sozialp\u00e4dagogischer Fachausbildung in Vollzeit und\/oder Teilzeit.<\/p><p>Sie sind Mitglied\/Leitung des p\u00e4dagogischen Teams und gestalten die erzieherischen Prozesse verantwortlich unter Ber\u00fccksichtigung des hausinternen Leitbildes, des Schutzkonzeptes und der bestehenden Leistungsbeschreibung.<\/p><p>Als innovativer Tr\u00e4ger orientiert sich die Schulte-Schmelter Stiftung an modernen p\u00e4dagogischen Standards, z.B. Traumap\u00e4dagogik, Erkenntnisse der Bindungsforschung, intensive Elternarbeit und Sozialraumorientierung. Der Aufbau von tragf\u00e4higen Beziehungen und Bindungen zu den betreuten jungen Menschen ist uns dabei ein Herzensanliegen.<\/p><div id=\"simple-translate\" class=\"simple-translate-system-theme\"><div><div class=\"simple-translate-button isShow\" style=\"background-image: url('moz-extension:\/\/8eed8c98-9f1b-46fb-986a-e16d80e0341d\/icons\/512.png'); height: 22px; width: 22px; top: 250px; left: -18px;\">\u00a0<\/div><div class=\"simple-translate-panel \" style=\"width: 300px; height: 200px; top: 0px; left: 0px; font-size: 13px;\"><div class=\"simple-translate-result-wrapper\" style=\"overflow: hidden;\"><div class=\"simple-translate-move\" draggable=\"true\">\u00a0<\/div><div class=\"simple-translate-result-contents\"><p class=\"simple-translate-candidate\" dir=\"auto\">\u00a0<\/p><\/div><\/div><\/div><\/div><\/div>\t\t\t\t\t\t\t\t<\/div>\n\t\t\t\t<\/div>\n\t\t\t\t\t<\/div>\n\t\t\t\t<\/div>\n\t\t<div class=\"elementor-element elementor-element-09cc3d3 e-flex e-con-boxed elementor-invisible e-con e-parent\" data-id=\"09cc3d3\" data-element_type=\"container\" data-settings=\"{&quot;animation&quot;:&quot;zoomIn&quot;}\">\n\t\t\t\t\t<div class=\"e-con-inner\">\n\t\t\t\t<div class=\"elementor-element elementor-element-1848180 elementor-widget__width-inherit elementor-widget elementor-widget-text-editor\" data-id=\"1848180\" data-element_type=\"widget\" data-widget_type=\"text-editor.default\">\n\t\t\t\t<div class=\"elementor-widget-container\">\n\t\t\t\t\t\t\t\t\t<h2>Erzieher*in\/Sozialp\u00e4dagog*in (m,w,d)<br \/>f\u00fcr unsere Wohnangebote gesucht<\/h2><h3>Wir w\u00fcnschen uns von Ihnen:<\/h3><ul><li>eine sozialp\u00e4dagogische Fachausbildung\/Studium oder die Bereitschaft, sich entsprechend zu qualifizieren<\/li><li>Teamf\u00e4higkeit<\/li><li>ein offenes Herz und Ohr f\u00fcr die Belange der uns anvertrauten Kinder und Jugendlichen<\/li><li>Bereitschaft, sich in einem herausfordernden Arbeitsfeld zu beweisen<\/li><\/ul><h3>Was wir Ihnen bieten:<\/h3><ul><li>einen attraktiven, abwechslungsreichen Arbeitsplatz<\/li><li>gro\u00dfe Gestaltungsfreir\u00e4ume<\/li><li>fachliche Begleitung und Supervision<\/li><li>vielf\u00e4ltige Fortbildungsm\u00f6glichkeiten<\/li><li>Bezahlung in Anlehnung an den TV\u00f6D SuE mit allen \u00fcblichen Zulagen<\/li><li>betriebliche Altersvorsorge<\/li><li>Job-Ticket<\/li><li>Mitgliedschaft bei Urban Sports<\/li><li>die M\u00f6glichkeit, ein Dienst-Fahrrad zu leasen<\/li><\/ul>\t\t\t\t\t\t\t\t<\/div>\n\t\t\t\t<\/div>\n\t\t\t\t\t<\/div>\n\t\t\t\t<\/div>\n\t\t<div class=\"elementor-element elementor-element-6a4ec7a e-flex e-con-boxed elementor-invisible e-con e-parent\" data-id=\"6a4ec7a\" data-element_type=\"container\" data-settings=\"{&quot;animation&quot;:&quot;bounceIn&quot;}\">\n\t\t\t\t\t<div class=\"e-con-inner\">\n\t\t<div class=\"elementor-element elementor-element-4b39b51 e-con-full e-flex e-con e-child\" data-id=\"4b39b51\" data-element_type=\"container\">\n\t\t\t\t<div class=\"elementor-element elementor-element-58494f4 elementor-widget elementor-widget-heading\" data-id=\"58494f4\" data-element_type=\"widget\" data-widget_type=\"heading.default\">\n\t\t\t\t<div class=\"elementor-widget-container\">\n\t\t\t\t\t<h2 class=\"elementor-heading-title elementor-size-default\">Sind Sie interessiert oder haben Sie noch Fragen?<\/h2>\t\t\t\t<\/div>\n\t\t\t\t<\/div>\n\t\t\t\t<div class=\"elementor-element elementor-element-db3361a elementor-widget elementor-widget-text-editor\" data-id=\"db3361a\" data-element_type=\"widget\" data-widget_type=\"text-editor.default\">\n\t\t\t\t<div class=\"elementor-widget-container\">\n\t\t\t\t\t\t\t\t\t<p>Kontaktieren Sie uns oder bewerben Sie sich per E-Mail oder auf dem Postweg.<\/p><p><strong>Schulte-Schmelter Stiftung<\/strong><br \/>z.Hd. Herrn Maurer<br \/>Flu\u00dfstr. 22<br \/>50374 Erftstadt<br \/>02235-9946257<br \/><a href=\"mailto:omaurer@schulte-schmelter-stiftung.de?subject=Ref-Nr.: REG-12231 \/ Bewerbung auf Ihre Anzeige bei Regio-Jobanzeiger: Erzieher*in\/Sozialp\u00e4dagog*in (m,w,d) zum Aufbau neuer Wohnangebote\">omaurer@schulte-schmelter-stiftung.de<\/a><br \/><a href=\"http:\/\/www.schulte-schmelter-stiftung.de\/\">www.schulte-schmelter-stiftung.de<\/a><\/p>\t\t\t\t\t\t\t\t<\/div>\n\t\t\t\t<\/div>\n\t\t\t\t<\/div>\n\t\t\t\t\t<\/div>\n\t\t\t\t<\/div>\n\t\t\t\t<\/div>\n\t\t<div class=\"gsp_post_data\" data-post_type=\"page\" data-cat=\"\" data-modified=\"120\" data-title=\"Stellenangebote\/Praktikum\" data-home=\"https:\/\/schulte-schmelter-stiftung.org\"><\/div>","protected":false},"excerpt":{"rendered":"<p>Stellenangebote \/ Praktika Lust auf neue Wege?! F\u00fcr unsere familienanalogen Wohngruppen in R\u00f6srath und Katzvey (station\u00e4re Jugendhilfe gem. \u00a7 34 [&hellip;]<\/p>\n","protected":false},"author":1,"featured_media":0,"parent":0,"menu_order":0,"comment_status":"closed","ping_status":"closed","template":"","meta":{"site-sidebar-layout":"no-sidebar","site-content-layout":"","ast-site-content-layout":"full-width-container","site-content-style":"default","site-sidebar-style":"default","ast-global-header-display":"","ast-banner-title-visibility":"","ast-main-header-display":"","ast-hfb-above-header-display":"","ast-hfb-below-header-display":"","ast-hfb-mobile-header-display":"","site-post-title":"disabled","ast-breadcrumbs-content":"","ast-featured-img":"disabled","footer-sml-layout":"","ast-disable-related-posts":"","theme-transparent-header-meta":"","adv-header-id-meta":"","stick-header-meta":"","header-above-stick-meta":"","header-main-stick-meta":"","header-below-stick-meta":"","astra-migrate-meta-layouts":"default","ast-page-background-enabled":"default","ast-page-background-meta":{"desktop":{"background-color":"var(--ast-global-color-5)","background-image":"","background-repeat":"repeat","background-position":"center center","background-size":"auto","background-attachment":"scroll","background-type":"","background-media":"","overlay-type":"","overlay-color":"","overlay-opacity":"","overlay-gradient":""},"tablet":{"background-color":"","background-image":"","background-repeat":"repeat","background-position":"center center","background-size":"auto","background-attachment":"scroll","background-type":"","background-media":"","overlay-type":"","overlay-color":"","overlay-opacity":"","overlay-gradient":""},"mobile":{"background-color":"","background-image":"","background-repeat":"repeat","background-position":"center center","background-size":"auto","background-attachment":"scroll","background-type":"","background-media":"","overlay-type":"","overlay-color":"","overlay-opacity":"","overlay-gradient":""}},"ast-content-background-meta":{"desktop":{"background-color":"var(--ast-global-color-4)","background-image":"","background-repeat":"repeat","background-position":"center center","background-size":"auto","background-attachment":"scroll","background-type":"","background-media":"","overlay-type":"","overlay-color":"","overlay-opacity":"","overlay-gradient":""},"tablet":{"background-color":"var(--ast-global-color-4)","background-image":"","background-repeat":"repeat","background-position":"center center","background-size":"auto","background-attachment":"scroll","background-type":"","background-media":"","overlay-type":"","overlay-color":"","overlay-opacity":"","overlay-gradient":""},"mobile":{"background-color":"var(--ast-global-color-4)","background-image":"","background-repeat":"repeat","background-position":"center center","background-size":"auto","background-attachment":"scroll","background-type":"","background-media":"","overlay-type":"","overlay-color":"","overlay-opacity":"","overlay-gradient":""}},"footnotes":""},"class_list":["post-104","page","type-page","status-publish","hentry"],"jetpack_sharing_enabled":true,"_links":{"self":[{"href":"https:\/\/schulte-schmelter-stiftung.org\/index.php\/wp-json\/wp\/v2\/pages\/104","targetHints":{"allow":["GET"]}}],"collection":[{"href":"https:\/\/schulte-schmelter-stiftung.org\/index.php\/wp-json\/wp\/v2\/pages"}],"about":[{"href":"https:\/\/schulte-schmelter-stiftung.org\/index.php\/wp-json\/wp\/v2\/types\/page"}],"author":[{"embeddable":true,"href":"https:\/\/schulte-schmelter-stiftung.org\/index.php\/wp-json\/wp\/v2\/users\/1"}],"replies":[{"embeddable":true,"href":"https:\/\/schulte-schmelter-stiftung.org\/index.php\/wp-json\/wp\/v2\/comments?post=104"}],"version-history":[{"count":70,"href":"https:\/\/schulte-schmelter-stiftung.org\/index.php\/wp-json\/wp\/v2\/pages\/104\/revisions"}],"predecessor-version":[{"id":1293,"href":"https:\/\/schulte-schmelter-stiftung.org\/index.php\/wp-json\/wp\/v2\/pages\/104\/revisions\/1293"}],"wp:attachment":[{"href":"https:\/\/schulte-schmelter-stiftung.org\/index.php\/wp-json\/wp\/v2\/media?parent=104"}],"curies":[{"name":"wp","href":"https:\/\/api.w.org\/{rel}","templated":true}]}}