{"id":100,"date":"2025-02-19T07:28:59","date_gmt":"2025-02-19T07:28:59","guid":{"rendered":"https:\/\/schulte-schmelter-stiftung.org\/?page_id=100"},"modified":"2025-06-12T09:36:07","modified_gmt":"2025-06-12T09:36:07","slug":"infos-fuer-kids","status":"publish","type":"page","link":"https:\/\/schulte-schmelter-stiftung.org\/index.php\/infos-fuer-kids\/","title":{"rendered":"Aktuelles \/ Infos f\u00fcr Kids"},"content":{"rendered":"\t\t<div data-elementor-type=\"wp-page\" data-elementor-id=\"100\" class=\"elementor elementor-100\" data-elementor-post-type=\"page\">\n\t\t\t\t<div class=\"elementor-element elementor-element-03eeb32 e-flex e-con-boxed e-con e-parent\" data-id=\"03eeb32\" data-element_type=\"container\">\n\t\t\t\t\t<div class=\"e-con-inner\">\n\t\t\t\t<div class=\"elementor-element elementor-element-a858b9c elementor-widget elementor-widget-heading\" data-id=\"a858b9c\" data-element_type=\"widget\" data-widget_type=\"heading.default\">\n\t\t\t\t<div class=\"elementor-widget-container\">\n\t\t\t\t\t<h2 class=\"elementor-heading-title elementor-size-default\">Aktuelles<\/h2>\t\t\t\t<\/div>\n\t\t\t\t<\/div>\n\t\t\t\t\t<\/div>\n\t\t\t\t<\/div>\n\t\t<div class=\"elementor-element elementor-element-8b8afb2 e-flex e-con-boxed e-con e-parent\" data-id=\"8b8afb2\" data-element_type=\"container\">\n\t\t\t\t\t<div class=\"e-con-inner\">\n\t\t\t\t<div class=\"elementor-element elementor-element-d6b8875 elementor-widget elementor-widget-image\" data-id=\"d6b8875\" data-element_type=\"widget\" data-widget_type=\"image.default\">\n\t\t\t\t<div class=\"elementor-widget-container\">\n\t\t\t\t\t\t\t\t\t\t\t\t\t\t\t<img fetchpriority=\"high\" decoding=\"async\" width=\"768\" height=\"1153\" src=\"https:\/\/schulte-schmelter-stiftung.org\/wp-content\/uploads\/2025\/06\/WhatsApp-Image-2025-06-12-at-09.01.20-768x1153.jpeg\" class=\"attachment-medium_large size-medium_large wp-image-1028\" alt=\"\" srcset=\"https:\/\/schulte-schmelter-stiftung.org\/wp-content\/uploads\/2025\/06\/WhatsApp-Image-2025-06-12-at-09.01.20-768x1153.jpeg 768w, https:\/\/schulte-schmelter-stiftung.org\/wp-content\/uploads\/2025\/06\/WhatsApp-Image-2025-06-12-at-09.01.20-200x300.jpeg 200w, https:\/\/schulte-schmelter-stiftung.org\/wp-content\/uploads\/2025\/06\/WhatsApp-Image-2025-06-12-at-09.01.20-682x1024.jpeg 682w, https:\/\/schulte-schmelter-stiftung.org\/wp-content\/uploads\/2025\/06\/WhatsApp-Image-2025-06-12-at-09.01.20-1023x1536.jpeg 1023w, https:\/\/schulte-schmelter-stiftung.org\/wp-content\/uploads\/2025\/06\/WhatsApp-Image-2025-06-12-at-09.01.20.jpeg 1066w\" sizes=\"(max-width: 768px) 100vw, 768px\" \/>\t\t\t\t\t\t\t\t\t\t\t\t\t\t\t<\/div>\n\t\t\t\t<\/div>\n\t\t\t\t<div class=\"elementor-element elementor-element-506d51f elementor-widget elementor-widget-text-editor\" data-id=\"506d51f\" data-element_type=\"widget\" data-widget_type=\"text-editor.default\">\n\t\t\t\t<div class=\"elementor-widget-container\">\n\t\t\t\t\t\t\t\t\t<p>Hier finden Sie in K\u00fcrze weitere Neuigkeiten aus der Schulte-Schmelter-Stiftung&#8230;<\/p>\t\t\t\t\t\t\t\t<\/div>\n\t\t\t\t<\/div>\n\t\t\t\t\t<\/div>\n\t\t\t\t<\/div>\n\t\t<div class=\"elementor-element elementor-element-3331fb9 e-flex e-con-boxed e-con e-parent\" data-id=\"3331fb9\" data-element_type=\"container\">\n\t\t\t\t\t<div class=\"e-con-inner\">\n\t\t\t\t<div class=\"elementor-element elementor-element-a38a3be elementor-widget__width-inherit elementor-widget elementor-widget-menu-anchor\" data-id=\"a38a3be\" data-element_type=\"widget\" data-widget_type=\"menu-anchor.default\">\n\t\t\t\t<div class=\"elementor-widget-container\">\n\t\t\t\t\t\t\t<div class=\"elementor-menu-anchor\" id=\"InfosfuerKids\"><\/div>\n\t\t\t\t\t\t<\/div>\n\t\t\t\t<\/div>\n\t\t\t\t<div class=\"elementor-element elementor-element-10b723b elementor-widget elementor-widget-heading\" data-id=\"10b723b\" data-element_type=\"widget\" data-widget_type=\"heading.default\">\n\t\t\t\t<div class=\"elementor-widget-container\">\n\t\t\t\t\t<h2 class=\"elementor-heading-title elementor-size-default\">Infos f\u00fcr Kids<\/h2>\t\t\t\t<\/div>\n\t\t\t\t<\/div>\n\t\t\t\t\t<\/div>\n\t\t\t\t<\/div>\n\t\t<div class=\"elementor-element elementor-element-9ac3414 e-flex e-con-boxed e-con e-parent\" data-id=\"9ac3414\" data-element_type=\"container\">\n\t\t\t\t\t<div class=\"e-con-inner\">\n\t\t<div class=\"elementor-element elementor-element-f6bf8ba e-con-full e-grid e-con e-child\" data-id=\"f6bf8ba\" data-element_type=\"container\">\n\t\t\t\t<div class=\"elementor-element elementor-element-96acc09 animated-fast elementor-invisible elementor-widget elementor-widget-text-editor\" data-id=\"96acc09\" data-element_type=\"widget\" data-settings=\"{&quot;_animation&quot;:&quot;rollIn&quot;}\" data-widget_type=\"text-editor.default\">\n\t\t\t\t<div class=\"elementor-widget-container\">\n\t\t\t\t\t\t\t\t\t<p><strong>Gibt es Taschengeld?<\/strong><\/p><p>Logisch! Taschengeld gibt es w\u00f6chentlich. Die H\u00f6he h\u00e4ngt von Deinem Alter ab. Als Jugendlicher hast Du bei uns normalerweise ein Konto bei der Bank. So kannst Du trainieren, wie das mit der Kohle so l\u00e4uft.<\/p><p><b>Darf ich auch was bestimmen?<\/b><\/p><p>Viele Sachen entscheiden wir gemeinsam. Du bestimmst z.B. mit, was es zu Essen gibt, was wir in der Freizeit machen, wohin wir in Urlaub fahren und vieles mehr. Wir machen einmal pro Woche eine Sitzung und stimmen \u00fcber diese und andere Fragen ab.<\/p>\t\t\t\t\t\t\t\t<\/div>\n\t\t\t\t<\/div>\n\t\t\t\t<div class=\"elementor-element elementor-element-2e253f6 animated-slow elementor-invisible elementor-widget elementor-widget-text-editor\" data-id=\"2e253f6\" data-element_type=\"widget\" data-settings=\"{&quot;_animation&quot;:&quot;fadeIn&quot;}\" data-widget_type=\"text-editor.default\">\n\t\t\t\t<div class=\"elementor-widget-container\">\n\t\t\t\t\t\t\t\t\t<p><strong>Seh ich meine Eltern und Verwandten?<\/strong><\/p><p>Manchmal gibt es Gr\u00fcnde, warum Du Deine Eltern nicht sehen kannst. Dann hat das z.B. ein Gericht so entschieden und wird Dir nat\u00fcrlich erkl\u00e4rt. Meistens kannst Du aber Deine Eltern regelm\u00e4\u00dfig sehen. Entweder sie besuchen Dich bei uns oder Du besuchst sie bei sich Zuhause. Ihr k\u00f6nnt auch miteinander telefonieren. Wie oft und wie lange Ihr Euch besuchen k\u00f6nnt, bestimmen wir vorher gemeinsam.<\/p><p><img decoding=\"async\" class=\"aligncenter wp-image-116\" src=\"https:\/\/schulte-schmelter-stiftung.org\/wp-content\/uploads\/2025\/02\/Eltern.jpg\" alt=\"\" width=\"300\" height=\"200\" \/><\/p>\t\t\t\t\t\t\t\t<\/div>\n\t\t\t\t<\/div>\n\t\t\t\t<div class=\"elementor-element elementor-element-3940ced elementor-widget elementor-widget-text-editor\" data-id=\"3940ced\" data-element_type=\"widget\" data-widget_type=\"text-editor.default\">\n\t\t\t\t<div class=\"elementor-widget-container\">\n\t\t\t\t\t\t\t\t\t<p><b>Wie ist das Haus und schlafe ich da mit anderen Kindern auf dem Zimmer?<\/b><\/p><p>Wir leben in drei gro\u00dfen H\u00e4usern mit viel Platz zum Spielen und Lernen. Bei uns hat jeder ein sch\u00f6nes, gro\u00dfes Einzelzimmer. Das kannst Du nach Deinem Geschmack einrichten. Es gibt jeweils einen Garten, Zimmer zum Spielen und auch Platz f\u00fcr Deine Eltern, wenn Sie Dich besuchen.<\/p><p><img decoding=\"async\" class=\"size-medium wp-image-117 aligncenter\" src=\"https:\/\/schulte-schmelter-stiftung.org\/wp-content\/uploads\/2025\/02\/004-300x225.jpg\" alt=\"\" width=\"300\" height=\"225\" srcset=\"https:\/\/schulte-schmelter-stiftung.org\/wp-content\/uploads\/2025\/02\/004-300x225.jpg 300w, https:\/\/schulte-schmelter-stiftung.org\/wp-content\/uploads\/2025\/02\/004-1024x768.jpg 1024w, https:\/\/schulte-schmelter-stiftung.org\/wp-content\/uploads\/2025\/02\/004-768x576.jpg 768w, https:\/\/schulte-schmelter-stiftung.org\/wp-content\/uploads\/2025\/02\/004-1536x1152.jpg 1536w, https:\/\/schulte-schmelter-stiftung.org\/wp-content\/uploads\/2025\/02\/004-2048x1536.jpg 2048w\" sizes=\"(max-width: 300px) 100vw, 300px\" \/><\/p>\t\t\t\t\t\t\t\t<\/div>\n\t\t\t\t<\/div>\n\t\t\t\t<div class=\"elementor-element elementor-element-ce53842 elementor-invisible elementor-widget elementor-widget-text-editor\" data-id=\"ce53842\" data-element_type=\"widget\" data-settings=\"{&quot;_animation&quot;:&quot;zoomInLeft&quot;}\" data-widget_type=\"text-editor.default\">\n\t\t\t\t<div class=\"elementor-widget-container\">\n\t\t\t\t\t\t\t\t\t<p><b>Und wenn ich mal Stress habe?<\/b><\/p><p>\u00dcberall gibt es mal \u00c4rger. Wenn Du Streit mit anderen Kindern hast, helfen dir die Betreuer dabei, alles zu regeln. Vielleicht \u00e4rgerst Du Dich aber auch \u00fcber gerade die Erwachsenen. Dann kannst Du, wenn die Betreuer nicht mit sich reden lassen, jederzeit mit Deinem zust\u00e4ndigen Menschen im Jugendamt telefonieren. Die Telefonnummer bekommst Du von uns schon am Anfang. Ach \u00fcbrigens: Pr\u00fcgel ist nicht! Die sind verboten. Au\u00dferdem regeln wir unsere Konflikte lieber mit Worten als mit F\u00e4usten.<\/p><p><img loading=\"lazy\" decoding=\"async\" class=\"size-full wp-image-118 aligncenter\" src=\"https:\/\/schulte-schmelter-stiftung.org\/wp-content\/uploads\/2025\/02\/stress.jpg\" alt=\"\" width=\"133\" height=\"200\" \/><\/p>\t\t\t\t\t\t\t\t<\/div>\n\t\t\t\t<\/div>\n\t\t\t\t<div class=\"elementor-element elementor-element-beafbeb elementor-invisible elementor-widget elementor-widget-text-editor\" data-id=\"beafbeb\" data-element_type=\"widget\" data-settings=\"{&quot;_animation&quot;:&quot;zoomInUp&quot;}\" data-widget_type=\"text-editor.default\">\n\t\t\t\t<div class=\"elementor-widget-container\">\n\t\t\t\t\t\t\t\t\t<p><b>Freizeit<\/b><\/p><p>Bei uns kann man viel machen und wir machen auch viel. Es gibt Vereine, bei denen Du mitmachen kannst. Wir unternehmen viel gemeinsam, machen Ferienfahrten und bieten oft was an. Wenn Du mehr Deine Ruhe m\u00f6chtest, ist das f\u00fcr uns auch in Ordnung. Deine Freunde sind bei uns willkommen, wenn Sie sich an die Regeln halten. Vielleicht hast Du eigene Ideen, was Du mit Deiner Freizeit anfangen m\u00f6chtest. Sprich uns einfach an!<\/p><p><img loading=\"lazy\" decoding=\"async\" class=\"size-medium wp-image-120 aligncenter\" src=\"https:\/\/schulte-schmelter-stiftung.org\/wp-content\/uploads\/2025\/02\/Foto8-225x300.jpg\" alt=\"\" width=\"225\" height=\"300\" srcset=\"https:\/\/schulte-schmelter-stiftung.org\/wp-content\/uploads\/2025\/02\/Foto8-225x300.jpg 225w, https:\/\/schulte-schmelter-stiftung.org\/wp-content\/uploads\/2025\/02\/Foto8-767x1024.jpg 767w, https:\/\/schulte-schmelter-stiftung.org\/wp-content\/uploads\/2025\/02\/Foto8-768x1025.jpg 768w, https:\/\/schulte-schmelter-stiftung.org\/wp-content\/uploads\/2025\/02\/Foto8.jpg 782w\" sizes=\"(max-width: 225px) 100vw, 225px\" \/><\/p>\t\t\t\t\t\t\t\t<\/div>\n\t\t\t\t<\/div>\n\t\t\t\t<div class=\"elementor-element elementor-element-6d29f07 elementor-invisible elementor-widget elementor-widget-text-editor\" data-id=\"6d29f07\" data-element_type=\"widget\" data-settings=\"{&quot;_animation&quot;:&quot;zoomInRight&quot;}\" data-widget_type=\"text-editor.default\">\n\t\t\t\t<div class=\"elementor-widget-container\">\n\t\t\t\t\t\t\t\t\t<p><b>Regeln<\/b><\/p><p>Ohne Regeln klappt kein Zusammenleben! Bei uns gibt es Regeln, an die Du Dich halten musst. Sie handeln vom Zubettgehen, von Aufgaben die \u00fcbernommen werden m\u00fcssen, vom Umgang miteinander und vieles mehr. Das wird Dich manchmal \u00e4rgern, geht aber nicht anders.<\/p><p><img loading=\"lazy\" decoding=\"async\" class=\"size-full wp-image-119 aligncenter\" src=\"https:\/\/schulte-schmelter-stiftung.org\/wp-content\/uploads\/2025\/02\/Karte.jpg\" alt=\"\" width=\"150\" height=\"200\" \/><\/p>\t\t\t\t\t\t\t\t<\/div>\n\t\t\t\t<\/div>\n\t\t\t\t<\/div>\n\t\t\t\t\t<\/div>\n\t\t\t\t<\/div>\n\t\t\t\t<\/div>\n\t\t<div class=\"gsp_post_data\" data-post_type=\"page\" data-cat=\"\" data-modified=\"120\" data-title=\"Aktuelles \/ Infos f\u00fcr Kids\" data-home=\"https:\/\/schulte-schmelter-stiftung.org\"><\/div>","protected":false},"excerpt":{"rendered":"<p>Aktuelles Hier finden Sie in K\u00fcrze weitere Neuigkeiten aus der Schulte-Schmelter-Stiftung&#8230; Infos f\u00fcr Kids Gibt es Taschengeld? Logisch! Taschengeld gibt [&hellip;]<\/p>\n","protected":false},"author":1,"featured_media":0,"parent":0,"menu_order":0,"comment_status":"closed","ping_status":"closed","template":"","meta":{"site-sidebar-layout":"no-sidebar","site-content-layout":"","ast-site-content-layout":"full-width-container","site-content-style":"default","site-sidebar-style":"default","ast-global-header-display":"","ast-banner-title-visibility":"","ast-main-header-display":"","ast-hfb-above-header-display":"","ast-hfb-below-header-display":"","ast-hfb-mobile-header-display":"","site-post-title":"disabled","ast-breadcrumbs-content":"","ast-featured-img":"disabled","footer-sml-layout":"","ast-disable-related-posts":"","theme-transparent-header-meta":"","adv-header-id-meta":"","stick-header-meta":"","header-above-stick-meta":"","header-main-stick-meta":"","header-below-stick-meta":"","astra-migrate-meta-layouts":"default","ast-page-background-enabled":"default","ast-page-background-meta":{"desktop":{"background-color":"var(--ast-global-color-5)","background-image":"","background-repeat":"repeat","background-position":"center center","background-size":"auto","background-attachment":"scroll","background-type":"","background-media":"","overlay-type":"","overlay-color":"","overlay-opacity":"","overlay-gradient":""},"tablet":{"background-color":"","background-image":"","background-repeat":"repeat","background-position":"center center","background-size":"auto","background-attachment":"scroll","background-type":"","background-media":"","overlay-type":"","overlay-color":"","overlay-opacity":"","overlay-gradient":""},"mobile":{"background-color":"","background-image":"","background-repeat":"repeat","background-position":"center center","background-size":"auto","background-attachment":"scroll","background-type":"","background-media":"","overlay-type":"","overlay-color":"","overlay-opacity":"","overlay-gradient":""}},"ast-content-background-meta":{"desktop":{"background-color":"var(--ast-global-color-4)","background-image":"","background-repeat":"repeat","background-position":"center center","background-size":"auto","background-attachment":"scroll","background-type":"","background-media":"","overlay-type":"","overlay-color":"","overlay-opacity":"","overlay-gradient":""},"tablet":{"background-color":"var(--ast-global-color-4)","background-image":"","background-repeat":"repeat","background-position":"center center","background-size":"auto","background-attachment":"scroll","background-type":"","background-media":"","overlay-type":"","overlay-color":"","overlay-opacity":"","overlay-gradient":""},"mobile":{"background-color":"var(--ast-global-color-4)","background-image":"","background-repeat":"repeat","background-position":"center center","background-size":"auto","background-attachment":"scroll","background-type":"","background-media":"","overlay-type":"","overlay-color":"","overlay-opacity":"","overlay-gradient":""}},"footnotes":""},"class_list":["post-100","page","type-page","status-publish","hentry"],"jetpack_sharing_enabled":true,"_links":{"self":[{"href":"https:\/\/schulte-schmelter-stiftung.org\/index.php\/wp-json\/wp\/v2\/pages\/100","targetHints":{"allow":["GET"]}}],"collection":[{"href":"https:\/\/schulte-schmelter-stiftung.org\/index.php\/wp-json\/wp\/v2\/pages"}],"about":[{"href":"https:\/\/schulte-schmelter-stiftung.org\/index.php\/wp-json\/wp\/v2\/types\/page"}],"author":[{"embeddable":true,"href":"https:\/\/schulte-schmelter-stiftung.org\/index.php\/wp-json\/wp\/v2\/users\/1"}],"replies":[{"embeddable":true,"href":"https:\/\/schulte-schmelter-stiftung.org\/index.php\/wp-json\/wp\/v2\/comments?post=100"}],"version-history":[{"count":70,"href":"https:\/\/schulte-schmelter-stiftung.org\/index.php\/wp-json\/wp\/v2\/pages\/100\/revisions"}],"predecessor-version":[{"id":1031,"href":"https:\/\/schulte-schmelter-stiftung.org\/index.php\/wp-json\/wp\/v2\/pages\/100\/revisions\/1031"}],"wp:attachment":[{"href":"https:\/\/schulte-schmelter-stiftung.org\/index.php\/wp-json\/wp\/v2\/media?parent=100"}],"curies":[{"name":"wp","href":"https:\/\/api.w.org\/{rel}","templated":true}]}}